{"id":6681,"date":"2024-02-28T10:56:54","date_gmt":"2024-02-28T13:56:54","guid":{"rendered":"https:\/\/ortysum.cl\/web\/?post_type=product&#038;p=6681"},"modified":"2024-02-28T12:01:22","modified_gmt":"2024-02-28T15:01:22","slug":"banda-elastica-de-resistencia-blunding","status":"publish","type":"product","link":"https:\/\/ortysum.cl\/?product=banda-elastica-de-resistencia-blunding","title":{"rendered":"BANDA ELASTICA DE RESISTENCIA BLUNDING"},"content":{"rendered":"","protected":false},"excerpt":{"rendered":"<p>Las bandas el\u00e1sticas de ejercicio Blunding Band de l\u00e1tex son utilizadas para mejorar la elongaci\u00f3n, fuerza, resistencia y potencia muscular en distintas disciplinas deportivas y con fines de rehabilitaci\u00f3n m\u00e9dica. Es resistente al agua, es transpirable y permanece en el lugar.<br \/>\n20 Unidades<\/p>\n","protected":false},"featured_media":6686,"template":"","meta":[],"product_brand":[],"product_cat":[27,22],"product_tag":[],"class_list":{"0":"post-6681","1":"product","2":"type-product","3":"status-publish","4":"has-post-thumbnail","6":"product_cat-cuidado-del-deportista","7":"product_cat-sport","9":"first","10":"instock","11":"shipping-taxable","12":"product-type-simple"},"_links":{"self":[{"href":"https:\/\/ortysum.cl\/index.php?rest_route=\/wp\/v2\/product\/6681","targetHints":{"allow":["GET"]}}],"collection":[{"href":"https:\/\/ortysum.cl\/index.php?rest_route=\/wp\/v2\/product"}],"about":[{"href":"https:\/\/ortysum.cl\/index.php?rest_route=\/wp\/v2\/types\/product"}],"wp:featuredmedia":[{"embeddable":true,"href":"https:\/\/ortysum.cl\/index.php?rest_route=\/wp\/v2\/media\/6686"}],"wp:attachment":[{"href":"https:\/\/ortysum.cl\/index.php?rest_route=%2Fwp%2Fv2%2Fmedia&parent=6681"}],"wp:term":[{"taxonomy":"product_brand","embeddable":true,"href":"https:\/\/ortysum.cl\/index.php?rest_route=%2Fwp%2Fv2%2Fproduct_brand&post=6681"},{"taxonomy":"product_cat","embeddable":true,"href":"https:\/\/ortysum.cl\/index.php?rest_route=%2Fwp%2Fv2%2Fproduct_cat&post=6681"},{"taxonomy":"product_tag","embeddable":true,"href":"https:\/\/ortysum.cl\/index.php?rest_route=%2Fwp%2Fv2%2Fproduct_tag&post=6681"}],"curies":[{"name":"wp","href":"https:\/\/api.w.org\/{rel}","templated":true}]}}