{"id":6689,"date":"2024-02-28T12:02:42","date_gmt":"2024-02-28T15:02:42","guid":{"rendered":"https:\/\/ortysum.cl\/web\/?post_type=product&#038;p=6689"},"modified":"2024-02-28T12:03:11","modified_gmt":"2024-02-28T15:03:11","slug":"vendaje-neuromuscular-blunding-tape-5cm-x-5mt","status":"publish","type":"product","link":"https:\/\/ortysum.cl\/?product=vendaje-neuromuscular-blunding-tape-5cm-x-5mt","title":{"rendered":"VENDAJE NEUROMUSCULAR BLUNDING TAPE (5cm X 5mt)"},"content":{"rendered":"<p>&#8220;RESISTENTE AL AGUA Blunding Tape es una banda el\u00e1stica en algod\u00f3n puro, que se adhiere a casi todas las superficies del cuerpo a trav\u00e9s de un acrilato hipo alerg\u00e9nico con una capa adhesiva, Es resistente al agua, es transpirable y permanece en el lugar. Libre de latex<\/p>\n","protected":false},"excerpt":{"rendered":"<p>93% Algod\u00f3n,7% Spandex, Composici\u00f3n del Pegamento: Etil acetato (55%-65%), pol\u00edmero acr\u00edlico (35%-45%)<br \/>\n4 Unidades<\/p>\n","protected":false},"featured_media":6683,"template":"","meta":[],"product_brand":[],"product_cat":[27,22],"product_tag":[39],"class_list":{"0":"post-6689","1":"product","2":"type-product","3":"status-publish","4":"has-post-thumbnail","6":"product_cat-cuidado-del-deportista","7":"product_cat-sport","8":"product_tag-blunding","10":"first","11":"instock","12":"shipping-taxable","13":"product-type-simple"},"_links":{"self":[{"href":"https:\/\/ortysum.cl\/index.php?rest_route=\/wp\/v2\/product\/6689","targetHints":{"allow":["GET"]}}],"collection":[{"href":"https:\/\/ortysum.cl\/index.php?rest_route=\/wp\/v2\/product"}],"about":[{"href":"https:\/\/ortysum.cl\/index.php?rest_route=\/wp\/v2\/types\/product"}],"wp:featuredmedia":[{"embeddable":true,"href":"https:\/\/ortysum.cl\/index.php?rest_route=\/wp\/v2\/media\/6683"}],"wp:attachment":[{"href":"https:\/\/ortysum.cl\/index.php?rest_route=%2Fwp%2Fv2%2Fmedia&parent=6689"}],"wp:term":[{"taxonomy":"product_brand","embeddable":true,"href":"https:\/\/ortysum.cl\/index.php?rest_route=%2Fwp%2Fv2%2Fproduct_brand&post=6689"},{"taxonomy":"product_cat","embeddable":true,"href":"https:\/\/ortysum.cl\/index.php?rest_route=%2Fwp%2Fv2%2Fproduct_cat&post=6689"},{"taxonomy":"product_tag","embeddable":true,"href":"https:\/\/ortysum.cl\/index.php?rest_route=%2Fwp%2Fv2%2Fproduct_tag&post=6689"}],"curies":[{"name":"wp","href":"https:\/\/api.w.org\/{rel}","templated":true}]}}