{"id":6691,"date":"2024-02-28T12:09:45","date_gmt":"2024-02-28T15:09:45","guid":{"rendered":"https:\/\/ortysum.cl\/web\/?post_type=product&#038;p=6691"},"modified":"2024-02-28T12:09:45","modified_gmt":"2024-02-28T15:09:45","slug":"compresa-frio-calor","status":"publish","type":"product","link":"https:\/\/ortysum.cl\/?product=compresa-frio-calor","title":{"rendered":"COMPRESA FRIO-CALOR"},"content":{"rendered":"<p>Alivia contusiones, Lesiones, Inflamaci\u00f3n, Analgesia. Quemaduras menores y picaduras de insectos. APLICACIONES EN CALOR: Las aplicaciones recomendadas deben ser hechas por un especialista. Relaja la musculatura, Lumbago, Dolores articulares<br \/>\nDolores menstruales<\/p>\n<p>Instrucciones de Mantenci\u00f3n: Limpiar con un pa\u00f1o y desinfectante suave.<\/p>\n","protected":false},"excerpt":{"rendered":"<p>La compresa Fr\u00edo-Calor es una compresa re-utilizable, pr\u00e1ctica, f\u00e1cil y segura de usar. Fabricada a base de gel, permite usos en fr\u00edo y en calor.<\/p>\n","protected":false},"featured_media":6698,"template":"","meta":[],"product_brand":[],"product_cat":[28,23],"product_tag":[39],"class_list":{"0":"post-6691","1":"product","2":"type-product","3":"status-publish","4":"has-post-thumbnail","6":"product_cat-compresas","7":"product_cat-terapia-frio-calor","8":"product_tag-blunding","10":"first","11":"instock","12":"shipping-taxable","13":"product-type-simple"},"_links":{"self":[{"href":"https:\/\/ortysum.cl\/index.php?rest_route=\/wp\/v2\/product\/6691","targetHints":{"allow":["GET"]}}],"collection":[{"href":"https:\/\/ortysum.cl\/index.php?rest_route=\/wp\/v2\/product"}],"about":[{"href":"https:\/\/ortysum.cl\/index.php?rest_route=\/wp\/v2\/types\/product"}],"wp:featuredmedia":[{"embeddable":true,"href":"https:\/\/ortysum.cl\/index.php?rest_route=\/wp\/v2\/media\/6698"}],"wp:attachment":[{"href":"https:\/\/ortysum.cl\/index.php?rest_route=%2Fwp%2Fv2%2Fmedia&parent=6691"}],"wp:term":[{"taxonomy":"product_brand","embeddable":true,"href":"https:\/\/ortysum.cl\/index.php?rest_route=%2Fwp%2Fv2%2Fproduct_brand&post=6691"},{"taxonomy":"product_cat","embeddable":true,"href":"https:\/\/ortysum.cl\/index.php?rest_route=%2Fwp%2Fv2%2Fproduct_cat&post=6691"},{"taxonomy":"product_tag","embeddable":true,"href":"https:\/\/ortysum.cl\/index.php?rest_route=%2Fwp%2Fv2%2Fproduct_tag&post=6691"}],"curies":[{"name":"wp","href":"https:\/\/api.w.org\/{rel}","templated":true}]}}