{"id":6700,"date":"2024-02-28T12:14:30","date_gmt":"2024-02-28T15:14:30","guid":{"rendered":"https:\/\/ortysum.cl\/web\/?post_type=product&#038;p=6700"},"modified":"2024-02-28T12:14:30","modified_gmt":"2024-02-28T15:14:30","slug":"soporte-frio-calor-lumbar","status":"publish","type":"product","link":"https:\/\/ortysum.cl\/?product=soporte-frio-calor-lumbar","title":{"rendered":"SOPORTE FRIO-CALOR LUMBAR"},"content":{"rendered":"<p>Pack fr\u00edo\/calor lumbar fabricado en laminado de velour y algod\u00f3n m\u00e1s cierre de contacto para ajuste. En su interior lleva compresa fr\u00edo\/caliente reutilizable, pr\u00e1ctica, f\u00e1cil y segura de usar.<\/p>\n","protected":false},"excerpt":{"rendered":"<p>Cara Externa : 100% Velour Poli\u00e9ster\u00a0,Cara Interna : 100% Algod\u00f3n\u00a0,Velcro : 100% Nylon<\/p>\n","protected":false},"featured_media":6695,"template":"","meta":[],"product_brand":[],"product_cat":[28,23],"product_tag":[39],"class_list":{"0":"post-6700","1":"product","2":"type-product","3":"status-publish","4":"has-post-thumbnail","6":"product_cat-compresas","7":"product_cat-terapia-frio-calor","8":"product_tag-blunding","10":"first","11":"instock","12":"shipping-taxable","13":"product-type-simple"},"_links":{"self":[{"href":"https:\/\/ortysum.cl\/index.php?rest_route=\/wp\/v2\/product\/6700","targetHints":{"allow":["GET"]}}],"collection":[{"href":"https:\/\/ortysum.cl\/index.php?rest_route=\/wp\/v2\/product"}],"about":[{"href":"https:\/\/ortysum.cl\/index.php?rest_route=\/wp\/v2\/types\/product"}],"wp:featuredmedia":[{"embeddable":true,"href":"https:\/\/ortysum.cl\/index.php?rest_route=\/wp\/v2\/media\/6695"}],"wp:attachment":[{"href":"https:\/\/ortysum.cl\/index.php?rest_route=%2Fwp%2Fv2%2Fmedia&parent=6700"}],"wp:term":[{"taxonomy":"product_brand","embeddable":true,"href":"https:\/\/ortysum.cl\/index.php?rest_route=%2Fwp%2Fv2%2Fproduct_brand&post=6700"},{"taxonomy":"product_cat","embeddable":true,"href":"https:\/\/ortysum.cl\/index.php?rest_route=%2Fwp%2Fv2%2Fproduct_cat&post=6700"},{"taxonomy":"product_tag","embeddable":true,"href":"https:\/\/ortysum.cl\/index.php?rest_route=%2Fwp%2Fv2%2Fproduct_tag&post=6700"}],"curies":[{"name":"wp","href":"https:\/\/api.w.org\/{rel}","templated":true}]}}