{"id":6705,"date":"2024-02-28T12:36:24","date_gmt":"2024-02-28T15:36:24","guid":{"rendered":"https:\/\/ortysum.cl\/web\/?post_type=product&#038;p=6705"},"modified":"2024-02-28T12:36:24","modified_gmt":"2024-02-28T15:36:24","slug":"plantilla-silicona","status":"publish","type":"product","link":"https:\/\/ortysum.cl\/?product=plantilla-silicona","title":{"rendered":"PLANTILLA SILICONA"},"content":{"rendered":"","protected":false},"excerpt":{"rendered":"<p>Plantilla de silicona hipoalerg\u00e9nica, no t\u00f3xico, no inflamable, inodoro, totalmente, lavable<\/p>\n<p>Absorci\u00f3n de impacto en pr\u00e1cticas deportivas, Patolog\u00eda calc\u00e1neo y reum\u00e1tica, Tendinitis Aquiliana, Amortigua la presi\u00f3n ejercida por el cuerpo sobre el tal\u00f3n<\/p>\n","protected":false},"featured_media":6709,"template":"","meta":[],"product_brand":[],"product_cat":[29,24],"product_tag":[39],"class_list":{"0":"post-6705","1":"product","2":"type-product","3":"status-publish","4":"has-post-thumbnail","6":"product_cat-cuidado-de-pies","7":"product_cat-podologia","8":"product_tag-blunding","10":"first","11":"instock","12":"shipping-taxable","13":"product-type-simple"},"_links":{"self":[{"href":"https:\/\/ortysum.cl\/index.php?rest_route=\/wp\/v2\/product\/6705","targetHints":{"allow":["GET"]}}],"collection":[{"href":"https:\/\/ortysum.cl\/index.php?rest_route=\/wp\/v2\/product"}],"about":[{"href":"https:\/\/ortysum.cl\/index.php?rest_route=\/wp\/v2\/types\/product"}],"wp:featuredmedia":[{"embeddable":true,"href":"https:\/\/ortysum.cl\/index.php?rest_route=\/wp\/v2\/media\/6709"}],"wp:attachment":[{"href":"https:\/\/ortysum.cl\/index.php?rest_route=%2Fwp%2Fv2%2Fmedia&parent=6705"}],"wp:term":[{"taxonomy":"product_brand","embeddable":true,"href":"https:\/\/ortysum.cl\/index.php?rest_route=%2Fwp%2Fv2%2Fproduct_brand&post=6705"},{"taxonomy":"product_cat","embeddable":true,"href":"https:\/\/ortysum.cl\/index.php?rest_route=%2Fwp%2Fv2%2Fproduct_cat&post=6705"},{"taxonomy":"product_tag","embeddable":true,"href":"https:\/\/ortysum.cl\/index.php?rest_route=%2Fwp%2Fv2%2Fproduct_tag&post=6705"}],"curies":[{"name":"wp","href":"https:\/\/api.w.org\/{rel}","templated":true}]}}