{"id":6715,"date":"2024-02-28T12:37:12","date_gmt":"2024-02-28T15:37:12","guid":{"rendered":"https:\/\/ortysum.cl\/web\/?post_type=product&#038;p=6715"},"modified":"2024-02-28T12:37:12","modified_gmt":"2024-02-28T15:37:12","slug":"talonera-gel-polimero","status":"publish","type":"product","link":"https:\/\/ortysum.cl\/?product=talonera-gel-polimero","title":{"rendered":"TALONERA GEL POL\u00cdMERO"},"content":{"rendered":"","protected":false},"excerpt":{"rendered":"<p style=\"text-align: left;\">Talonera que sirve para personas con tendinitis en tend\u00f3n de aquiles,espol\u00f3n calc\u00e1neo,bursitis y para absorci\u00f3n de impactos en pr\u00e1cticas deportivas<\/p>\n","protected":false},"featured_media":6706,"template":"","meta":[],"product_brand":[],"product_cat":[29,24],"product_tag":[39],"class_list":{"0":"post-6715","1":"product","2":"type-product","3":"status-publish","4":"has-post-thumbnail","6":"product_cat-cuidado-de-pies","7":"product_cat-podologia","8":"product_tag-blunding","10":"first","11":"instock","12":"shipping-taxable","13":"product-type-simple"},"_links":{"self":[{"href":"https:\/\/ortysum.cl\/index.php?rest_route=\/wp\/v2\/product\/6715","targetHints":{"allow":["GET"]}}],"collection":[{"href":"https:\/\/ortysum.cl\/index.php?rest_route=\/wp\/v2\/product"}],"about":[{"href":"https:\/\/ortysum.cl\/index.php?rest_route=\/wp\/v2\/types\/product"}],"wp:featuredmedia":[{"embeddable":true,"href":"https:\/\/ortysum.cl\/index.php?rest_route=\/wp\/v2\/media\/6706"}],"wp:attachment":[{"href":"https:\/\/ortysum.cl\/index.php?rest_route=%2Fwp%2Fv2%2Fmedia&parent=6715"}],"wp:term":[{"taxonomy":"product_brand","embeddable":true,"href":"https:\/\/ortysum.cl\/index.php?rest_route=%2Fwp%2Fv2%2Fproduct_brand&post=6715"},{"taxonomy":"product_cat","embeddable":true,"href":"https:\/\/ortysum.cl\/index.php?rest_route=%2Fwp%2Fv2%2Fproduct_cat&post=6715"},{"taxonomy":"product_tag","embeddable":true,"href":"https:\/\/ortysum.cl\/index.php?rest_route=%2Fwp%2Fv2%2Fproduct_tag&post=6715"}],"curies":[{"name":"wp","href":"https:\/\/api.w.org\/{rel}","templated":true}]}}