{"id":6716,"date":"2024-02-28T12:38:18","date_gmt":"2024-02-28T15:38:18","guid":{"rendered":"https:\/\/ortysum.cl\/web\/?post_type=product&#038;p=6716"},"modified":"2024-02-28T12:38:18","modified_gmt":"2024-02-28T15:38:18","slug":"separador-de-dedos-gel-polimero","status":"publish","type":"product","link":"https:\/\/ortysum.cl\/?product=separador-de-dedos-gel-polimero","title":{"rendered":"SEPARADOR DE DEDOS GEL POL\u00cdMERO"},"content":{"rendered":"<p>Separador de dedo en gel pol\u00edmero silicona es hipoalerg\u00e9nica, no t\u00f3xico, no inflamable, inodoro, totalmente lavable y mantendr\u00e1 su densidad. Su dise\u00f1o de forma anat\u00f3mica creado para este separador sea ideal para aliviar todo tipo de presiones entre los dedos del pie.<\/p>\n","protected":false},"excerpt":{"rendered":"<p>Quemaduras, queloides, mantiene la piel h\u00fameda. Amputaci\u00f3n parcial de los dedos, Protege callos, callosidades, u\u00f1as encarnadas y da\u00f1adas. Permite utilizaci\u00f3n de medicaci\u00f3n t\u00f3pica. Proporciona comodidad y alivio inmediato de los dolores.<\/p>\n","protected":false},"featured_media":6707,"template":"","meta":[],"product_brand":[],"product_cat":[29,24],"product_tag":[39],"class_list":{"0":"post-6716","1":"product","2":"type-product","3":"status-publish","4":"has-post-thumbnail","6":"product_cat-cuidado-de-pies","7":"product_cat-podologia","8":"product_tag-blunding","10":"first","11":"instock","12":"shipping-taxable","13":"product-type-simple"},"_links":{"self":[{"href":"https:\/\/ortysum.cl\/index.php?rest_route=\/wp\/v2\/product\/6716","targetHints":{"allow":["GET"]}}],"collection":[{"href":"https:\/\/ortysum.cl\/index.php?rest_route=\/wp\/v2\/product"}],"about":[{"href":"https:\/\/ortysum.cl\/index.php?rest_route=\/wp\/v2\/types\/product"}],"wp:featuredmedia":[{"embeddable":true,"href":"https:\/\/ortysum.cl\/index.php?rest_route=\/wp\/v2\/media\/6707"}],"wp:attachment":[{"href":"https:\/\/ortysum.cl\/index.php?rest_route=%2Fwp%2Fv2%2Fmedia&parent=6716"}],"wp:term":[{"taxonomy":"product_brand","embeddable":true,"href":"https:\/\/ortysum.cl\/index.php?rest_route=%2Fwp%2Fv2%2Fproduct_brand&post=6716"},{"taxonomy":"product_cat","embeddable":true,"href":"https:\/\/ortysum.cl\/index.php?rest_route=%2Fwp%2Fv2%2Fproduct_cat&post=6716"},{"taxonomy":"product_tag","embeddable":true,"href":"https:\/\/ortysum.cl\/index.php?rest_route=%2Fwp%2Fv2%2Fproduct_tag&post=6716"}],"curies":[{"name":"wp","href":"https:\/\/api.w.org\/{rel}","templated":true}]}}