{"id":6717,"date":"2024-02-28T12:39:00","date_gmt":"2024-02-28T15:39:00","guid":{"rendered":"https:\/\/ortysum.cl\/web\/?post_type=product&#038;p=6717"},"modified":"2024-02-28T12:39:01","modified_gmt":"2024-02-28T15:39:01","slug":"protector-unas-gel-polimero","status":"publish","type":"product","link":"https:\/\/ortysum.cl\/?product=protector-unas-gel-polimero","title":{"rendered":"PROTECTOR U\u00d1AS GEL POL\u00cdMERO"},"content":{"rendered":"<p>Protector para u\u00f1as dise\u00f1ado en gel pol\u00edmero; es hipoalerg\u00e9nico, no t\u00f3xico, no inflamable, inodoro,totalmente lavable y mantendr\u00e1 su densidad , posee una c\u00e1mara de gel<\/p>\n","protected":false},"excerpt":{"rendered":"<p>Promueve la reducci\u00f3n de la hipersensibilidad ocasionada por u\u00f1as encarnadas y da\u00f1adas.Elimina la presi\u00f3n y la fricci\u00f3n en los dedos.<\/p>\n","protected":false},"featured_media":6708,"template":"","meta":[],"product_brand":[],"product_cat":[29,24],"product_tag":[],"class_list":{"0":"post-6717","1":"product","2":"type-product","3":"status-publish","4":"has-post-thumbnail","6":"product_cat-cuidado-de-pies","7":"product_cat-podologia","9":"first","10":"instock","11":"shipping-taxable","12":"product-type-simple"},"_links":{"self":[{"href":"https:\/\/ortysum.cl\/index.php?rest_route=\/wp\/v2\/product\/6717","targetHints":{"allow":["GET"]}}],"collection":[{"href":"https:\/\/ortysum.cl\/index.php?rest_route=\/wp\/v2\/product"}],"about":[{"href":"https:\/\/ortysum.cl\/index.php?rest_route=\/wp\/v2\/types\/product"}],"wp:featuredmedia":[{"embeddable":true,"href":"https:\/\/ortysum.cl\/index.php?rest_route=\/wp\/v2\/media\/6708"}],"wp:attachment":[{"href":"https:\/\/ortysum.cl\/index.php?rest_route=%2Fwp%2Fv2%2Fmedia&parent=6717"}],"wp:term":[{"taxonomy":"product_brand","embeddable":true,"href":"https:\/\/ortysum.cl\/index.php?rest_route=%2Fwp%2Fv2%2Fproduct_brand&post=6717"},{"taxonomy":"product_cat","embeddable":true,"href":"https:\/\/ortysum.cl\/index.php?rest_route=%2Fwp%2Fv2%2Fproduct_cat&post=6717"},{"taxonomy":"product_tag","embeddable":true,"href":"https:\/\/ortysum.cl\/index.php?rest_route=%2Fwp%2Fv2%2Fproduct_tag&post=6717"}],"curies":[{"name":"wp","href":"https:\/\/api.w.org\/{rel}","templated":true}]}}