{"id":6718,"date":"2024-02-28T12:40:11","date_gmt":"2024-02-28T15:40:11","guid":{"rendered":"https:\/\/ortysum.cl\/web\/?post_type=product&#038;p=6718"},"modified":"2024-02-28T12:40:11","modified_gmt":"2024-02-28T15:40:11","slug":"anillo-para-dedo-en-malla-gel-polimero","status":"publish","type":"product","link":"https:\/\/ortysum.cl\/?product=anillo-para-dedo-en-malla-gel-polimero","title":{"rendered":"ANILLO PARA DEDO EN MALLA GEL POL\u00cdMERO"},"content":{"rendered":"<p>Protector para juanete dise\u00f1ado en gel pol\u00edmero; es hipoalerg\u00e9nico, no toxico, no inflamable, inodoro, totalmente lavable y mantendr\u00e1 su densidad. Puede ser recortado en tama\u00f1o deseado.<\/p>\n","protected":false},"excerpt":{"rendered":"<p>Quemaduras y queloides. Mantiene la piel h\u00fameda Protege callos y callosidades interdigitales. Elimina la fricci\u00f3n y la presi\u00f3n en los dedos. En enfermedades degenerativas de la columna dorsal baja y lumbar<\/p>\n","protected":false},"featured_media":6714,"template":"","meta":[],"product_brand":[],"product_cat":[29,24],"product_tag":[],"class_list":{"0":"post-6718","1":"product","2":"type-product","3":"status-publish","4":"has-post-thumbnail","6":"product_cat-cuidado-de-pies","7":"product_cat-podologia","9":"first","10":"instock","11":"shipping-taxable","12":"product-type-simple"},"_links":{"self":[{"href":"https:\/\/ortysum.cl\/index.php?rest_route=\/wp\/v2\/product\/6718","targetHints":{"allow":["GET"]}}],"collection":[{"href":"https:\/\/ortysum.cl\/index.php?rest_route=\/wp\/v2\/product"}],"about":[{"href":"https:\/\/ortysum.cl\/index.php?rest_route=\/wp\/v2\/types\/product"}],"wp:featuredmedia":[{"embeddable":true,"href":"https:\/\/ortysum.cl\/index.php?rest_route=\/wp\/v2\/media\/6714"}],"wp:attachment":[{"href":"https:\/\/ortysum.cl\/index.php?rest_route=%2Fwp%2Fv2%2Fmedia&parent=6718"}],"wp:term":[{"taxonomy":"product_brand","embeddable":true,"href":"https:\/\/ortysum.cl\/index.php?rest_route=%2Fwp%2Fv2%2Fproduct_brand&post=6718"},{"taxonomy":"product_cat","embeddable":true,"href":"https:\/\/ortysum.cl\/index.php?rest_route=%2Fwp%2Fv2%2Fproduct_cat&post=6718"},{"taxonomy":"product_tag","embeddable":true,"href":"https:\/\/ortysum.cl\/index.php?rest_route=%2Fwp%2Fv2%2Fproduct_tag&post=6718"}],"curies":[{"name":"wp","href":"https:\/\/api.w.org\/{rel}","templated":true}]}}