{"id":6719,"date":"2024-02-28T12:41:06","date_gmt":"2024-02-28T15:41:06","guid":{"rendered":"https:\/\/ortysum.cl\/web\/?post_type=product&#038;p=6719"},"modified":"2024-02-28T12:41:06","modified_gmt":"2024-02-28T15:41:06","slug":"estribo-corrector-gel-polimero","status":"publish","type":"product","link":"https:\/\/ortysum.cl\/?product=estribo-corrector-gel-polimero","title":{"rendered":"ESTRIBO CORRECTOR GEL POL\u00cdMERO"},"content":{"rendered":"<p>Estribo corrector para dedos dise\u00f1ado en silicona, hipoalerg\u00e9nico, no t\u00f3xico, no inflamable, inodoro, totalmente lavable y mantendr\u00e1 su densidad. Posee un anillo en silicona para fijar los dedos y fijar el posicionamiento del producto, aumentando la durabilidad y comodidad.<\/p>\n","protected":false},"excerpt":{"rendered":"<p>Metatarsalgia Fascitis plantar, Prevenci\u00f3n y tratamiento de patolog\u00edas del antepi\u00e9 y alivio inmediato de dolores. Amortigua la presi\u00f3n ejercida por el cuerpo sobre el tal\u00f3n. Bursitis retrocalc\u00e1nea Pr\u00e1ctica de deportes, absorci\u00f3n de impacto.<\/p>\n","protected":false},"featured_media":6710,"template":"","meta":[],"product_brand":[],"product_cat":[29,24],"product_tag":[],"class_list":{"0":"post-6719","1":"product","2":"type-product","3":"status-publish","4":"has-post-thumbnail","6":"product_cat-cuidado-de-pies","7":"product_cat-podologia","9":"first","10":"instock","11":"shipping-taxable","12":"product-type-simple"},"_links":{"self":[{"href":"https:\/\/ortysum.cl\/index.php?rest_route=\/wp\/v2\/product\/6719","targetHints":{"allow":["GET"]}}],"collection":[{"href":"https:\/\/ortysum.cl\/index.php?rest_route=\/wp\/v2\/product"}],"about":[{"href":"https:\/\/ortysum.cl\/index.php?rest_route=\/wp\/v2\/types\/product"}],"wp:featuredmedia":[{"embeddable":true,"href":"https:\/\/ortysum.cl\/index.php?rest_route=\/wp\/v2\/media\/6710"}],"wp:attachment":[{"href":"https:\/\/ortysum.cl\/index.php?rest_route=%2Fwp%2Fv2%2Fmedia&parent=6719"}],"wp:term":[{"taxonomy":"product_brand","embeddable":true,"href":"https:\/\/ortysum.cl\/index.php?rest_route=%2Fwp%2Fv2%2Fproduct_brand&post=6719"},{"taxonomy":"product_cat","embeddable":true,"href":"https:\/\/ortysum.cl\/index.php?rest_route=%2Fwp%2Fv2%2Fproduct_cat&post=6719"},{"taxonomy":"product_tag","embeddable":true,"href":"https:\/\/ortysum.cl\/index.php?rest_route=%2Fwp%2Fv2%2Fproduct_tag&post=6719"}],"curies":[{"name":"wp","href":"https:\/\/api.w.org\/{rel}","templated":true}]}}