{"id":6720,"date":"2024-02-28T12:42:27","date_gmt":"2024-02-28T15:42:27","guid":{"rendered":"https:\/\/ortysum.cl\/web\/?post_type=product&#038;p=6720"},"modified":"2024-02-28T12:42:27","modified_gmt":"2024-02-28T15:42:27","slug":"corrector-de-juanete","status":"publish","type":"product","link":"https:\/\/ortysum.cl\/?product=corrector-de-juanete","title":{"rendered":"CORRECTOR DE JUANETE"},"content":{"rendered":"<p>Corrector de juanetes nocturno, especial para el tratamiento de Hallux Valgus (juanete) en sus primeras fases de formaci\u00f3n, ya que mantiene el primer dedo del pie alineado.<\/p>\n","protected":false},"excerpt":{"rendered":"<p>Composici\u00f3n: Cara Externa : 100% Velour Poli\u00e9ster, Cara Interna : 100% Algod\u00f3n F\u00e9rulas : Aluminio, Velcro y Felpa : 100% Nylon<\/p>\n","protected":false},"featured_media":6711,"template":"","meta":[],"product_brand":[],"product_cat":[29,24],"product_tag":[],"class_list":{"0":"post-6720","1":"product","2":"type-product","3":"status-publish","4":"has-post-thumbnail","6":"product_cat-cuidado-de-pies","7":"product_cat-podologia","9":"first","10":"instock","11":"shipping-taxable","12":"product-type-simple"},"_links":{"self":[{"href":"https:\/\/ortysum.cl\/index.php?rest_route=\/wp\/v2\/product\/6720","targetHints":{"allow":["GET"]}}],"collection":[{"href":"https:\/\/ortysum.cl\/index.php?rest_route=\/wp\/v2\/product"}],"about":[{"href":"https:\/\/ortysum.cl\/index.php?rest_route=\/wp\/v2\/types\/product"}],"wp:featuredmedia":[{"embeddable":true,"href":"https:\/\/ortysum.cl\/index.php?rest_route=\/wp\/v2\/media\/6711"}],"wp:attachment":[{"href":"https:\/\/ortysum.cl\/index.php?rest_route=%2Fwp%2Fv2%2Fmedia&parent=6720"}],"wp:term":[{"taxonomy":"product_brand","embeddable":true,"href":"https:\/\/ortysum.cl\/index.php?rest_route=%2Fwp%2Fv2%2Fproduct_brand&post=6720"},{"taxonomy":"product_cat","embeddable":true,"href":"https:\/\/ortysum.cl\/index.php?rest_route=%2Fwp%2Fv2%2Fproduct_cat&post=6720"},{"taxonomy":"product_tag","embeddable":true,"href":"https:\/\/ortysum.cl\/index.php?rest_route=%2Fwp%2Fv2%2Fproduct_tag&post=6720"}],"curies":[{"name":"wp","href":"https:\/\/api.w.org\/{rel}","templated":true}]}}