{"id":6722,"date":"2024-02-28T12:43:55","date_gmt":"2024-02-28T15:43:55","guid":{"rendered":"https:\/\/ortysum.cl\/web\/?post_type=product&#038;p=6722"},"modified":"2024-02-28T12:43:55","modified_gmt":"2024-02-28T15:43:55","slug":"apoyo-planta-gel-polimero","status":"publish","type":"product","link":"https:\/\/ortysum.cl\/?product=apoyo-planta-gel-polimero","title":{"rendered":"APOYO PLANTA GEL POL\u00cdMERO"},"content":{"rendered":"","protected":false},"excerpt":{"rendered":"<p>Apoyo plantar dise\u00f1ado en silicona hipoalerg\u00e9nica, no t\u00f3xico, no inflamable, inodoro, totalmente lavable y mantendr\u00e1 su densidad. Dise\u00f1ado para calzado femenino (con tacones altos). Composici\u00f3n: 100% Silicona.<\/p>\n","protected":false},"featured_media":6712,"template":"","meta":[],"product_brand":[],"product_cat":[29,24],"product_tag":[],"class_list":{"0":"post-6722","1":"product","2":"type-product","3":"status-publish","4":"has-post-thumbnail","6":"product_cat-cuidado-de-pies","7":"product_cat-podologia","9":"first","10":"instock","11":"shipping-taxable","12":"product-type-simple"},"_links":{"self":[{"href":"https:\/\/ortysum.cl\/index.php?rest_route=\/wp\/v2\/product\/6722","targetHints":{"allow":["GET"]}}],"collection":[{"href":"https:\/\/ortysum.cl\/index.php?rest_route=\/wp\/v2\/product"}],"about":[{"href":"https:\/\/ortysum.cl\/index.php?rest_route=\/wp\/v2\/types\/product"}],"wp:featuredmedia":[{"embeddable":true,"href":"https:\/\/ortysum.cl\/index.php?rest_route=\/wp\/v2\/media\/6712"}],"wp:attachment":[{"href":"https:\/\/ortysum.cl\/index.php?rest_route=%2Fwp%2Fv2%2Fmedia&parent=6722"}],"wp:term":[{"taxonomy":"product_brand","embeddable":true,"href":"https:\/\/ortysum.cl\/index.php?rest_route=%2Fwp%2Fv2%2Fproduct_brand&post=6722"},{"taxonomy":"product_cat","embeddable":true,"href":"https:\/\/ortysum.cl\/index.php?rest_route=%2Fwp%2Fv2%2Fproduct_cat&post=6722"},{"taxonomy":"product_tag","embeddable":true,"href":"https:\/\/ortysum.cl\/index.php?rest_route=%2Fwp%2Fv2%2Fproduct_tag&post=6722"}],"curies":[{"name":"wp","href":"https:\/\/api.w.org\/{rel}","templated":true}]}}