{"id":6725,"date":"2024-02-28T12:46:36","date_gmt":"2024-02-28T15:46:36","guid":{"rendered":"https:\/\/ortysum.cl\/web\/?post_type=product&#038;p=6725"},"modified":"2024-02-28T12:47:03","modified_gmt":"2024-02-28T15:47:03","slug":"rodillera-con-orificio-rotuliano","status":"publish","type":"product","link":"https:\/\/ortysum.cl\/?product=rodillera-con-orificio-rotuliano","title":{"rendered":"RODILLERA CON ORIFICIO ROTULIANO"},"content":{"rendered":"","protected":false},"excerpt":{"rendered":"<p>Prevenci\u00f3n y protecci\u00f3n de rodilla durante actividades deportivas. Tratamientos post-quir\u00fargicos y post-yeso, Tratamiento de contusi\u00f3n, artrosis y artritis de rodilla<br \/>\nRehabilitaci\u00f3n de lesiones de rodilla.<\/p>\n","protected":false},"featured_media":6726,"template":"","meta":[],"product_brand":[],"product_cat":[30,25],"product_tag":[39],"class_list":{"0":"post-6725","1":"product","2":"type-product","3":"status-publish","4":"has-post-thumbnail","6":"product_cat-cadera-rodilla","7":"product_cat-ortopedia","8":"product_tag-blunding","10":"first","11":"instock","12":"shipping-taxable","13":"product-type-simple"},"_links":{"self":[{"href":"https:\/\/ortysum.cl\/index.php?rest_route=\/wp\/v2\/product\/6725","targetHints":{"allow":["GET"]}}],"collection":[{"href":"https:\/\/ortysum.cl\/index.php?rest_route=\/wp\/v2\/product"}],"about":[{"href":"https:\/\/ortysum.cl\/index.php?rest_route=\/wp\/v2\/types\/product"}],"wp:featuredmedia":[{"embeddable":true,"href":"https:\/\/ortysum.cl\/index.php?rest_route=\/wp\/v2\/media\/6726"}],"wp:attachment":[{"href":"https:\/\/ortysum.cl\/index.php?rest_route=%2Fwp%2Fv2%2Fmedia&parent=6725"}],"wp:term":[{"taxonomy":"product_brand","embeddable":true,"href":"https:\/\/ortysum.cl\/index.php?rest_route=%2Fwp%2Fv2%2Fproduct_brand&post=6725"},{"taxonomy":"product_cat","embeddable":true,"href":"https:\/\/ortysum.cl\/index.php?rest_route=%2Fwp%2Fv2%2Fproduct_cat&post=6725"},{"taxonomy":"product_tag","embeddable":true,"href":"https:\/\/ortysum.cl\/index.php?rest_route=%2Fwp%2Fv2%2Fproduct_tag&post=6725"}],"curies":[{"name":"wp","href":"https:\/\/api.w.org\/{rel}","templated":true}]}}