{"id":6736,"date":"2024-02-28T12:53:28","date_gmt":"2024-02-28T15:53:28","guid":{"rendered":"https:\/\/ortysum.cl\/web\/?post_type=product&#038;p=6736"},"modified":"2024-02-28T12:53:28","modified_gmt":"2024-02-28T15:53:28","slug":"bota-blunding-one-corta","status":"publish","type":"product","link":"https:\/\/ortysum.cl\/?product=bota-blunding-one-corta","title":{"rendered":"BOTA BLUNDING ONE CORTA"},"content":{"rendered":"<p>Inmovilizador de tobillo, confeccionado en laminado de velour y en su interior de algod\u00f3n. Posee tres cortes de tela acolchada, armaz\u00f3n de PVC m\u00e1s barras laterales de aluminio.<\/p>\n","protected":false},"excerpt":{"rendered":"<p>Ajustable con cierre de contacto.<br \/>\nPost-operatorio de lesiones de tobillo.Tratamiento de lesiones tendinosas.Fracturas o luxaciones de la articulaci\u00f3n tibiotarsiana.Manejo conservador de las lesiones de Metatarso y el tarso. Tratamiento en fracturas de calc\u00e1neo y maleolos,Terapia funcional de la rotura del tend\u00f3n de aquiles.<\/p>\n","protected":false},"featured_media":6729,"template":"","meta":[],"product_brand":[],"product_cat":[25,31],"product_tag":[39],"class_list":{"0":"post-6736","1":"product","2":"type-product","3":"status-publish","4":"has-post-thumbnail","6":"product_cat-ortopedia","7":"product_cat-tobillo-pie","8":"product_tag-blunding","10":"first","11":"instock","12":"shipping-taxable","13":"product-type-simple"},"_links":{"self":[{"href":"https:\/\/ortysum.cl\/index.php?rest_route=\/wp\/v2\/product\/6736","targetHints":{"allow":["GET"]}}],"collection":[{"href":"https:\/\/ortysum.cl\/index.php?rest_route=\/wp\/v2\/product"}],"about":[{"href":"https:\/\/ortysum.cl\/index.php?rest_route=\/wp\/v2\/types\/product"}],"wp:featuredmedia":[{"embeddable":true,"href":"https:\/\/ortysum.cl\/index.php?rest_route=\/wp\/v2\/media\/6729"}],"wp:attachment":[{"href":"https:\/\/ortysum.cl\/index.php?rest_route=%2Fwp%2Fv2%2Fmedia&parent=6736"}],"wp:term":[{"taxonomy":"product_brand","embeddable":true,"href":"https:\/\/ortysum.cl\/index.php?rest_route=%2Fwp%2Fv2%2Fproduct_brand&post=6736"},{"taxonomy":"product_cat","embeddable":true,"href":"https:\/\/ortysum.cl\/index.php?rest_route=%2Fwp%2Fv2%2Fproduct_cat&post=6736"},{"taxonomy":"product_tag","embeddable":true,"href":"https:\/\/ortysum.cl\/index.php?rest_route=%2Fwp%2Fv2%2Fproduct_tag&post=6736"}],"curies":[{"name":"wp","href":"https:\/\/api.w.org\/{rel}","templated":true}]}}