{"id":6748,"date":"2024-02-28T12:58:31","date_gmt":"2024-02-28T15:58:31","guid":{"rendered":"https:\/\/ortysum.cl\/web\/?post_type=product&#038;p=6748"},"modified":"2024-02-28T12:58:32","modified_gmt":"2024-02-28T15:58:32","slug":"inmobilizador-de-clavicula","status":"publish","type":"product","link":"https:\/\/ortysum.cl\/?product=inmobilizador-de-clavicula","title":{"rendered":"INMOBILIZADOR DE CLAV\u00cdCULA"},"content":{"rendered":"","protected":false},"excerpt":{"rendered":"<p>Inmovilizador de clav\u00edcula fabricado con refuerzo acolchado en parte posterior y dos huinchas de cinta de algod\u00f3n regulables con velcro.<\/p>\n<p>Se sugiere en Fractura de Clav\u00edcula, Esguince acromioclavicular, Patolog\u00eda menor de la columna Dorsal<\/p>\n","protected":false},"featured_media":6740,"template":"","meta":[],"product_brand":[],"product_cat":[32,25],"product_tag":[39],"class_list":{"0":"post-6748","1":"product","2":"type-product","3":"status-publish","4":"has-post-thumbnail","6":"product_cat-hombros-y-codo","7":"product_cat-ortopedia","8":"product_tag-blunding","10":"first","11":"instock","12":"shipping-taxable","13":"product-type-simple"},"_links":{"self":[{"href":"https:\/\/ortysum.cl\/index.php?rest_route=\/wp\/v2\/product\/6748","targetHints":{"allow":["GET"]}}],"collection":[{"href":"https:\/\/ortysum.cl\/index.php?rest_route=\/wp\/v2\/product"}],"about":[{"href":"https:\/\/ortysum.cl\/index.php?rest_route=\/wp\/v2\/types\/product"}],"wp:featuredmedia":[{"embeddable":true,"href":"https:\/\/ortysum.cl\/index.php?rest_route=\/wp\/v2\/media\/6740"}],"wp:attachment":[{"href":"https:\/\/ortysum.cl\/index.php?rest_route=%2Fwp%2Fv2%2Fmedia&parent=6748"}],"wp:term":[{"taxonomy":"product_brand","embeddable":true,"href":"https:\/\/ortysum.cl\/index.php?rest_route=%2Fwp%2Fv2%2Fproduct_brand&post=6748"},{"taxonomy":"product_cat","embeddable":true,"href":"https:\/\/ortysum.cl\/index.php?rest_route=%2Fwp%2Fv2%2Fproduct_cat&post=6748"},{"taxonomy":"product_tag","embeddable":true,"href":"https:\/\/ortysum.cl\/index.php?rest_route=%2Fwp%2Fv2%2Fproduct_tag&post=6748"}],"curies":[{"name":"wp","href":"https:\/\/api.w.org\/{rel}","templated":true}]}}