{"id":6750,"date":"2024-02-28T13:00:28","date_gmt":"2024-02-28T16:00:28","guid":{"rendered":"https:\/\/ortysum.cl\/web\/?post_type=product&#038;p=6750"},"modified":"2024-02-28T13:00:29","modified_gmt":"2024-02-28T16:00:29","slug":"soporte-de-codo-tenista-universal","status":"publish","type":"product","link":"https:\/\/ortysum.cl\/?product=soporte-de-codo-tenista-universal","title":{"rendered":"SOPORTE DE CODO TENISTA UNIVERSAL"},"content":{"rendered":"","protected":false},"excerpt":{"rendered":"<p>Soporte confeccionado en spandex ajustable con almohadilla y bolsa de gel en su interior removible ajustable con pasador y cierre de contacto<\/p>\n<p>Epicondilitis, Lesiones producidas por pr\u00e1cticas reiteradas de alg\u00fan deporte. Para tratamiento en fr\u00edo y calor.<\/p>\n","protected":false},"featured_media":6743,"template":"","meta":[],"product_brand":[],"product_cat":[32,25],"product_tag":[39],"class_list":{"0":"post-6750","1":"product","2":"type-product","3":"status-publish","4":"has-post-thumbnail","6":"product_cat-hombros-y-codo","7":"product_cat-ortopedia","8":"product_tag-blunding","10":"first","11":"instock","12":"shipping-taxable","13":"product-type-simple"},"_links":{"self":[{"href":"https:\/\/ortysum.cl\/index.php?rest_route=\/wp\/v2\/product\/6750","targetHints":{"allow":["GET"]}}],"collection":[{"href":"https:\/\/ortysum.cl\/index.php?rest_route=\/wp\/v2\/product"}],"about":[{"href":"https:\/\/ortysum.cl\/index.php?rest_route=\/wp\/v2\/types\/product"}],"wp:featuredmedia":[{"embeddable":true,"href":"https:\/\/ortysum.cl\/index.php?rest_route=\/wp\/v2\/media\/6743"}],"wp:attachment":[{"href":"https:\/\/ortysum.cl\/index.php?rest_route=%2Fwp%2Fv2%2Fmedia&parent=6750"}],"wp:term":[{"taxonomy":"product_brand","embeddable":true,"href":"https:\/\/ortysum.cl\/index.php?rest_route=%2Fwp%2Fv2%2Fproduct_brand&post=6750"},{"taxonomy":"product_cat","embeddable":true,"href":"https:\/\/ortysum.cl\/index.php?rest_route=%2Fwp%2Fv2%2Fproduct_cat&post=6750"},{"taxonomy":"product_tag","embeddable":true,"href":"https:\/\/ortysum.cl\/index.php?rest_route=%2Fwp%2Fv2%2Fproduct_tag&post=6750"}],"curies":[{"name":"wp","href":"https:\/\/api.w.org\/{rel}","templated":true}]}}