{"id":6751,"date":"2024-02-28T13:45:22","date_gmt":"2024-02-28T16:45:22","guid":{"rendered":"https:\/\/ortysum.cl\/web\/?post_type=product&#038;p=6751"},"modified":"2024-02-28T13:45:26","modified_gmt":"2024-02-28T16:45:26","slug":"inmovilizador-de-muneca","status":"publish","type":"product","link":"https:\/\/ortysum.cl\/?product=inmovilizador-de-muneca","title":{"rendered":"INMOVILIZADOR DE MU\u00d1ECA"},"content":{"rendered":"<p>Lesiones de la mu\u00f1eca cr\u00f3nicas, postraum\u00e1ticas o en el postoperatorio. Par\u00e1lisis del nervio radial, mediano y ulnar,-Tratamiento conservador de tendinitis y tenosinovitis, Artrosis y artritis reumatoide, *Blunding recomienda utilizar este producto bajo prescripci\u00f3n m\u00e9dica.<\/p>\n","protected":false},"excerpt":{"rendered":"<p>Soporte de mu\u00f1eca ambidiestra larga fabricado en el\u00e1stico afelpado libre de l\u00e1tex con f\u00e9rula de aluminio removible y ajustable con cierre de contacto.<\/p>\n","protected":false},"featured_media":6756,"template":"","meta":[],"product_brand":[],"product_cat":[33,25],"product_tag":[39],"class_list":{"0":"post-6751","1":"product","2":"type-product","3":"status-publish","4":"has-post-thumbnail","6":"product_cat-mano-y-muneca","7":"product_cat-ortopedia","8":"product_tag-blunding","10":"first","11":"instock","12":"shipping-taxable","13":"product-type-simple"},"_links":{"self":[{"href":"https:\/\/ortysum.cl\/index.php?rest_route=\/wp\/v2\/product\/6751","targetHints":{"allow":["GET"]}}],"collection":[{"href":"https:\/\/ortysum.cl\/index.php?rest_route=\/wp\/v2\/product"}],"about":[{"href":"https:\/\/ortysum.cl\/index.php?rest_route=\/wp\/v2\/types\/product"}],"wp:featuredmedia":[{"embeddable":true,"href":"https:\/\/ortysum.cl\/index.php?rest_route=\/wp\/v2\/media\/6756"}],"wp:attachment":[{"href":"https:\/\/ortysum.cl\/index.php?rest_route=%2Fwp%2Fv2%2Fmedia&parent=6751"}],"wp:term":[{"taxonomy":"product_brand","embeddable":true,"href":"https:\/\/ortysum.cl\/index.php?rest_route=%2Fwp%2Fv2%2Fproduct_brand&post=6751"},{"taxonomy":"product_cat","embeddable":true,"href":"https:\/\/ortysum.cl\/index.php?rest_route=%2Fwp%2Fv2%2Fproduct_cat&post=6751"},{"taxonomy":"product_tag","embeddable":true,"href":"https:\/\/ortysum.cl\/index.php?rest_route=%2Fwp%2Fv2%2Fproduct_tag&post=6751"}],"curies":[{"name":"wp","href":"https:\/\/api.w.org\/{rel}","templated":true}]}}