{"id":6759,"date":"2024-02-28T13:47:58","date_gmt":"2024-02-28T16:47:58","guid":{"rendered":"https:\/\/ortysum.cl\/web\/?post_type=product&#038;p=6759"},"modified":"2024-02-28T13:48:00","modified_gmt":"2024-02-28T16:48:00","slug":"munequera","status":"publish","type":"product","link":"https:\/\/ortysum.cl\/?product=munequera","title":{"rendered":"MU\u00d1EQUERA"},"content":{"rendered":"<p>Prevenci\u00f3n lesiones deportivas de mu\u00f1eca, prevenci\u00f3n de tendinitis de mu\u00f1eca TALLA \u00daNICA: Para determinar que el grado de elasticidad sea adecuado para su correcto uso, el di\u00e1metro de mu\u00f1eca debe estar entre 14 a 22 cm.<\/p>\n","protected":false},"excerpt":{"rendered":"<p>Soporte de mu\u00f1eca ambidiestra, confeccionada en el\u00e1stico afelpado libre de l\u00e1tex, con cierre de contacto.<\/p>\n","protected":false},"featured_media":6755,"template":"","meta":[],"product_brand":[],"product_cat":[33,25],"product_tag":[39],"class_list":{"0":"post-6759","1":"product","2":"type-product","3":"status-publish","4":"has-post-thumbnail","6":"product_cat-mano-y-muneca","7":"product_cat-ortopedia","8":"product_tag-blunding","10":"first","11":"instock","12":"shipping-taxable","13":"product-type-simple"},"_links":{"self":[{"href":"https:\/\/ortysum.cl\/index.php?rest_route=\/wp\/v2\/product\/6759","targetHints":{"allow":["GET"]}}],"collection":[{"href":"https:\/\/ortysum.cl\/index.php?rest_route=\/wp\/v2\/product"}],"about":[{"href":"https:\/\/ortysum.cl\/index.php?rest_route=\/wp\/v2\/types\/product"}],"wp:featuredmedia":[{"embeddable":true,"href":"https:\/\/ortysum.cl\/index.php?rest_route=\/wp\/v2\/media\/6755"}],"wp:attachment":[{"href":"https:\/\/ortysum.cl\/index.php?rest_route=%2Fwp%2Fv2%2Fmedia&parent=6759"}],"wp:term":[{"taxonomy":"product_brand","embeddable":true,"href":"https:\/\/ortysum.cl\/index.php?rest_route=%2Fwp%2Fv2%2Fproduct_brand&post=6759"},{"taxonomy":"product_cat","embeddable":true,"href":"https:\/\/ortysum.cl\/index.php?rest_route=%2Fwp%2Fv2%2Fproduct_cat&post=6759"},{"taxonomy":"product_tag","embeddable":true,"href":"https:\/\/ortysum.cl\/index.php?rest_route=%2Fwp%2Fv2%2Fproduct_tag&post=6759"}],"curies":[{"name":"wp","href":"https:\/\/api.w.org\/{rel}","templated":true}]}}