{"id":6760,"date":"2024-02-28T13:49:34","date_gmt":"2024-02-28T16:49:34","guid":{"rendered":"https:\/\/ortysum.cl\/web\/?post_type=product&#038;p=6760"},"modified":"2024-02-28T13:49:37","modified_gmt":"2024-02-28T16:49:37","slug":"inmovilizador-tunel-carpiano-universal","status":"publish","type":"product","link":"https:\/\/ortysum.cl\/?product=inmovilizador-tunel-carpiano-universal","title":{"rendered":"INMOVILIZADOR T\u00daNEL CARPIANO UNIVERSAL"},"content":{"rendered":"<p>Indicaci\u00f3n: Inmovilizaci\u00f3n para s\u00edndrome del t\u00fanel carpiano,<\/p>\n<p>Tratamiento ortop\u00e9dico para lesiones de tendones del carpo.<\/p>\n","protected":false},"excerpt":{"rendered":"<p>Mu\u00f1equera para T\u00fanel Carpiano confeccionado en velour y algod\u00f3n, con dos f\u00e9rulas de aluminio moldeables y dos bandas de el\u00e1stico, ajustables con cierre de contacto (velcro), libre de l\u00e1tex.<\/p>\n","protected":false},"featured_media":6757,"template":"","meta":[],"product_brand":[],"product_cat":[33,25],"product_tag":[39],"class_list":{"0":"post-6760","1":"product","2":"type-product","3":"status-publish","4":"has-post-thumbnail","6":"product_cat-mano-y-muneca","7":"product_cat-ortopedia","8":"product_tag-blunding","10":"first","11":"instock","12":"shipping-taxable","13":"product-type-simple"},"_links":{"self":[{"href":"https:\/\/ortysum.cl\/index.php?rest_route=\/wp\/v2\/product\/6760","targetHints":{"allow":["GET"]}}],"collection":[{"href":"https:\/\/ortysum.cl\/index.php?rest_route=\/wp\/v2\/product"}],"about":[{"href":"https:\/\/ortysum.cl\/index.php?rest_route=\/wp\/v2\/types\/product"}],"wp:featuredmedia":[{"embeddable":true,"href":"https:\/\/ortysum.cl\/index.php?rest_route=\/wp\/v2\/media\/6757"}],"wp:attachment":[{"href":"https:\/\/ortysum.cl\/index.php?rest_route=%2Fwp%2Fv2%2Fmedia&parent=6760"}],"wp:term":[{"taxonomy":"product_brand","embeddable":true,"href":"https:\/\/ortysum.cl\/index.php?rest_route=%2Fwp%2Fv2%2Fproduct_brand&post=6760"},{"taxonomy":"product_cat","embeddable":true,"href":"https:\/\/ortysum.cl\/index.php?rest_route=%2Fwp%2Fv2%2Fproduct_cat&post=6760"},{"taxonomy":"product_tag","embeddable":true,"href":"https:\/\/ortysum.cl\/index.php?rest_route=%2Fwp%2Fv2%2Fproduct_tag&post=6760"}],"curies":[{"name":"wp","href":"https:\/\/api.w.org\/{rel}","templated":true}]}}