{"id":6761,"date":"2024-02-28T13:50:36","date_gmt":"2024-02-28T16:50:36","guid":{"rendered":"https:\/\/ortysum.cl\/web\/?post_type=product&#038;p=6761"},"modified":"2024-02-28T13:50:38","modified_gmt":"2024-02-28T16:50:38","slug":"ortesis-de-muneca-con-dedo-pulgar","status":"publish","type":"product","link":"https:\/\/ortysum.cl\/?product=ortesis-de-muneca-con-dedo-pulgar","title":{"rendered":"ORTESIS DE MU\u00d1ECA CON DEDO PULGAR"},"content":{"rendered":"<p>Se recomienda el uso de este producto para : Lesiones en las articulaciones del pulgar metacarpofal\u00e1ngicas y carpometacarpiana, Esguince de pulgar, Artrosis y artritis reumatoide<\/p>\n","protected":false},"excerpt":{"rendered":"<p>Soporte de mu\u00f1eca confeccionado en velour y felpa con f\u00e9rula anat\u00f3mica removible y barra lisa moldeable ambos en aluminio. Ajustada con cierre de contacto.<\/p>\n","protected":false},"featured_media":6754,"template":"","meta":[],"product_brand":[],"product_cat":[33,25],"product_tag":[39],"class_list":{"0":"post-6761","1":"product","2":"type-product","3":"status-publish","4":"has-post-thumbnail","6":"product_cat-mano-y-muneca","7":"product_cat-ortopedia","8":"product_tag-blunding","10":"first","11":"instock","12":"shipping-taxable","13":"product-type-simple"},"_links":{"self":[{"href":"https:\/\/ortysum.cl\/index.php?rest_route=\/wp\/v2\/product\/6761","targetHints":{"allow":["GET"]}}],"collection":[{"href":"https:\/\/ortysum.cl\/index.php?rest_route=\/wp\/v2\/product"}],"about":[{"href":"https:\/\/ortysum.cl\/index.php?rest_route=\/wp\/v2\/types\/product"}],"wp:featuredmedia":[{"embeddable":true,"href":"https:\/\/ortysum.cl\/index.php?rest_route=\/wp\/v2\/media\/6754"}],"wp:attachment":[{"href":"https:\/\/ortysum.cl\/index.php?rest_route=%2Fwp%2Fv2%2Fmedia&parent=6761"}],"wp:term":[{"taxonomy":"product_brand","embeddable":true,"href":"https:\/\/ortysum.cl\/index.php?rest_route=%2Fwp%2Fv2%2Fproduct_brand&post=6761"},{"taxonomy":"product_cat","embeddable":true,"href":"https:\/\/ortysum.cl\/index.php?rest_route=%2Fwp%2Fv2%2Fproduct_cat&post=6761"},{"taxonomy":"product_tag","embeddable":true,"href":"https:\/\/ortysum.cl\/index.php?rest_route=%2Fwp%2Fv2%2Fproduct_tag&post=6761"}],"curies":[{"name":"wp","href":"https:\/\/api.w.org\/{rel}","templated":true}]}}