{"id":6762,"date":"2024-02-28T13:51:33","date_gmt":"2024-02-28T16:51:33","guid":{"rendered":"https:\/\/ortysum.cl\/web\/?post_type=product&#038;p=6762"},"modified":"2024-02-28T13:51:36","modified_gmt":"2024-02-28T16:51:36","slug":"ferula-de-dedo","status":"publish","type":"product","link":"https:\/\/ortysum.cl\/?product=ferula-de-dedo","title":{"rendered":"F\u00c9RULA DE DEDO"},"content":{"rendered":"<p>Inmovilizaci\u00f3n de Dedo.Inmoviliza la articulaciones interfal\u00e1ngicas.<br \/>\nTratamiento postquir\u00fargico y esguinces de ligamentos colaterales.<\/p>\n","protected":false},"excerpt":{"rendered":"<p>F\u00e9rulas inmovilizadora de dedo, abarca desde la falange media (No.2) hasta la falange<\/p>\n","protected":false},"featured_media":6753,"template":"","meta":[],"product_brand":[],"product_cat":[33,25],"product_tag":[39],"class_list":{"0":"post-6762","1":"product","2":"type-product","3":"status-publish","4":"has-post-thumbnail","6":"product_cat-mano-y-muneca","7":"product_cat-ortopedia","8":"product_tag-blunding","10":"first","11":"instock","12":"shipping-taxable","13":"product-type-simple"},"_links":{"self":[{"href":"https:\/\/ortysum.cl\/index.php?rest_route=\/wp\/v2\/product\/6762","targetHints":{"allow":["GET"]}}],"collection":[{"href":"https:\/\/ortysum.cl\/index.php?rest_route=\/wp\/v2\/product"}],"about":[{"href":"https:\/\/ortysum.cl\/index.php?rest_route=\/wp\/v2\/types\/product"}],"wp:featuredmedia":[{"embeddable":true,"href":"https:\/\/ortysum.cl\/index.php?rest_route=\/wp\/v2\/media\/6753"}],"wp:attachment":[{"href":"https:\/\/ortysum.cl\/index.php?rest_route=%2Fwp%2Fv2%2Fmedia&parent=6762"}],"wp:term":[{"taxonomy":"product_brand","embeddable":true,"href":"https:\/\/ortysum.cl\/index.php?rest_route=%2Fwp%2Fv2%2Fproduct_brand&post=6762"},{"taxonomy":"product_cat","embeddable":true,"href":"https:\/\/ortysum.cl\/index.php?rest_route=%2Fwp%2Fv2%2Fproduct_cat&post=6762"},{"taxonomy":"product_tag","embeddable":true,"href":"https:\/\/ortysum.cl\/index.php?rest_route=%2Fwp%2Fv2%2Fproduct_tag&post=6762"}],"curies":[{"name":"wp","href":"https:\/\/api.w.org\/{rel}","templated":true}]}}