{"id":6775,"date":"2024-02-28T14:00:15","date_gmt":"2024-02-28T17:00:15","guid":{"rendered":"https:\/\/ortysum.cl\/web\/?post_type=product&#038;p=6775"},"modified":"2024-02-28T14:00:16","modified_gmt":"2024-02-28T17:00:16","slug":"collar-cervical-filadelfia","status":"publish","type":"product","link":"https:\/\/ortysum.cl\/?product=collar-cervical-filadelfia","title":{"rendered":"COLLAR CERVICAL  FILADELFIA"},"content":{"rendered":"<p>Esguinces cervicales leves o moderados con estabilidad.<\/p>\n<p>Limitaci\u00f3n de todos los planos de movimiento de la columna cervical Inmovilizaci\u00f3n r\u00edgida adecuada en caso de lesi\u00f3n o traumatismo<\/p>\n","protected":false},"excerpt":{"rendered":"<p>Soporte cervical formado por dos piezas de espuma plastasote. Con Refuerzos pl\u00e1sticos anteriores y posteriores y orificios de ventilacio\u00b4n, ajustable con doble cierre de contacto.<\/p>\n","protected":false},"featured_media":6770,"template":"","meta":[],"product_brand":[],"product_cat":[34,25],"product_tag":[39],"class_list":{"0":"post-6775","1":"product","2":"type-product","3":"status-publish","4":"has-post-thumbnail","6":"product_cat-cuello-y-columna","7":"product_cat-ortopedia","8":"product_tag-blunding","10":"first","11":"instock","12":"shipping-taxable","13":"product-type-simple"},"_links":{"self":[{"href":"https:\/\/ortysum.cl\/index.php?rest_route=\/wp\/v2\/product\/6775","targetHints":{"allow":["GET"]}}],"collection":[{"href":"https:\/\/ortysum.cl\/index.php?rest_route=\/wp\/v2\/product"}],"about":[{"href":"https:\/\/ortysum.cl\/index.php?rest_route=\/wp\/v2\/types\/product"}],"wp:featuredmedia":[{"embeddable":true,"href":"https:\/\/ortysum.cl\/index.php?rest_route=\/wp\/v2\/media\/6770"}],"wp:attachment":[{"href":"https:\/\/ortysum.cl\/index.php?rest_route=%2Fwp%2Fv2%2Fmedia&parent=6775"}],"wp:term":[{"taxonomy":"product_brand","embeddable":true,"href":"https:\/\/ortysum.cl\/index.php?rest_route=%2Fwp%2Fv2%2Fproduct_brand&post=6775"},{"taxonomy":"product_cat","embeddable":true,"href":"https:\/\/ortysum.cl\/index.php?rest_route=%2Fwp%2Fv2%2Fproduct_cat&post=6775"},{"taxonomy":"product_tag","embeddable":true,"href":"https:\/\/ortysum.cl\/index.php?rest_route=%2Fwp%2Fv2%2Fproduct_tag&post=6775"}],"curies":[{"name":"wp","href":"https:\/\/api.w.org\/{rel}","templated":true}]}}