{"id":6777,"date":"2024-02-28T14:04:02","date_gmt":"2024-02-28T17:04:02","guid":{"rendered":"https:\/\/ortysum.cl\/web\/?post_type=product&#038;p=6777"},"modified":"2024-02-28T14:04:04","modified_gmt":"2024-02-28T17:04:04","slug":"faja-dorsolumbar","status":"publish","type":"product","link":"https:\/\/ortysum.cl\/?product=faja-dorsolumbar","title":{"rendered":"FAJA DORSOLUMBAR"},"content":{"rendered":"<p>El\u00e1stico: Nylon 21%.,El\u00e1stico libre de l\u00e1tex: Polyester 73% \/ Spandex 6%.,Felpas y Velcros: 100% Nylon.<\/p>\n","protected":false},"excerpt":{"rendered":"<p>Soporte de compresi\u00f3n dorsal baja y lumbar, confeccionada en el\u00e1stico libre de l\u00e1tex con barras laterales de polipropileno flexibles y ajustable con cierre de contacto.<\/p>\n","protected":false},"featured_media":6768,"template":"","meta":[],"product_brand":[],"product_cat":[34,25],"product_tag":[39],"class_list":{"0":"post-6777","1":"product","2":"type-product","3":"status-publish","4":"has-post-thumbnail","6":"product_cat-cuello-y-columna","7":"product_cat-ortopedia","8":"product_tag-blunding","10":"first","11":"instock","12":"shipping-taxable","13":"product-type-simple"},"_links":{"self":[{"href":"https:\/\/ortysum.cl\/index.php?rest_route=\/wp\/v2\/product\/6777","targetHints":{"allow":["GET"]}}],"collection":[{"href":"https:\/\/ortysum.cl\/index.php?rest_route=\/wp\/v2\/product"}],"about":[{"href":"https:\/\/ortysum.cl\/index.php?rest_route=\/wp\/v2\/types\/product"}],"wp:featuredmedia":[{"embeddable":true,"href":"https:\/\/ortysum.cl\/index.php?rest_route=\/wp\/v2\/media\/6768"}],"wp:attachment":[{"href":"https:\/\/ortysum.cl\/index.php?rest_route=%2Fwp%2Fv2%2Fmedia&parent=6777"}],"wp:term":[{"taxonomy":"product_brand","embeddable":true,"href":"https:\/\/ortysum.cl\/index.php?rest_route=%2Fwp%2Fv2%2Fproduct_brand&post=6777"},{"taxonomy":"product_cat","embeddable":true,"href":"https:\/\/ortysum.cl\/index.php?rest_route=%2Fwp%2Fv2%2Fproduct_cat&post=6777"},{"taxonomy":"product_tag","embeddable":true,"href":"https:\/\/ortysum.cl\/index.php?rest_route=%2Fwp%2Fv2%2Fproduct_tag&post=6777"}],"curies":[{"name":"wp","href":"https:\/\/api.w.org\/{rel}","templated":true}]}}