{"id":6779,"date":"2024-02-28T14:07:24","date_gmt":"2024-02-28T17:07:24","guid":{"rendered":"https:\/\/ortysum.cl\/web\/?post_type=product&#038;p=6779"},"modified":"2024-02-28T14:07:24","modified_gmt":"2024-02-28T17:07:24","slug":"corset-para-hiperextension-tipo-jewett","status":"publish","type":"product","link":"https:\/\/ortysum.cl\/?product=corset-para-hiperextension-tipo-jewett","title":{"rendered":"CORSET PARA HIPEREXTENSI\u00d3N TIPO JEWETT"},"content":{"rendered":"<p>INDICACI\u00d3N: Fracturas vertebrales estables por compresi\u00f3n de la columna dorsal baja y lumbar Inmovilizaci\u00f3n a medio plazo tras cirug\u00eda de disco intervertebral, Estabilizaci\u00f3n axial en colapso vertebral osteopor\u00f3tico de la columna lumbar y dorsal Cuidado ort\u00e9sico permanente tras cirug\u00eda de tumores y de met\u00e1stasis inoperables de la columna, *Blunding recomienda utilizar este<\/p>\n","protected":false},"excerpt":{"rendered":"<p>Corset de estructura de aluminio liviano. Genera hiperextensi\u00f3n de la columna dando estabilidad en plano sagital. Limita la flexi\u00f3n, extensi\u00f3n y rotaciones.Posee almohadillas para proporcionar apoyo. Dise\u00f1o para facilitar el ajuste y adaptaci\u00f3n.<\/p>\n","protected":false},"featured_media":6765,"template":"","meta":[],"product_brand":[],"product_cat":[34,25],"product_tag":[39],"class_list":{"0":"post-6779","1":"product","2":"type-product","3":"status-publish","4":"has-post-thumbnail","6":"product_cat-cuello-y-columna","7":"product_cat-ortopedia","8":"product_tag-blunding","10":"first","11":"instock","12":"shipping-taxable","13":"product-type-simple"},"_links":{"self":[{"href":"https:\/\/ortysum.cl\/index.php?rest_route=\/wp\/v2\/product\/6779","targetHints":{"allow":["GET"]}}],"collection":[{"href":"https:\/\/ortysum.cl\/index.php?rest_route=\/wp\/v2\/product"}],"about":[{"href":"https:\/\/ortysum.cl\/index.php?rest_route=\/wp\/v2\/types\/product"}],"wp:featuredmedia":[{"embeddable":true,"href":"https:\/\/ortysum.cl\/index.php?rest_route=\/wp\/v2\/media\/6765"}],"wp:attachment":[{"href":"https:\/\/ortysum.cl\/index.php?rest_route=%2Fwp%2Fv2%2Fmedia&parent=6779"}],"wp:term":[{"taxonomy":"product_brand","embeddable":true,"href":"https:\/\/ortysum.cl\/index.php?rest_route=%2Fwp%2Fv2%2Fproduct_brand&post=6779"},{"taxonomy":"product_cat","embeddable":true,"href":"https:\/\/ortysum.cl\/index.php?rest_route=%2Fwp%2Fv2%2Fproduct_cat&post=6779"},{"taxonomy":"product_tag","embeddable":true,"href":"https:\/\/ortysum.cl\/index.php?rest_route=%2Fwp%2Fv2%2Fproduct_tag&post=6779"}],"curies":[{"name":"wp","href":"https:\/\/api.w.org\/{rel}","templated":true}]}}