{"id":6786,"date":"2024-02-28T14:10:43","date_gmt":"2024-02-28T17:10:43","guid":{"rendered":"https:\/\/ortysum.cl\/web\/?post_type=product&#038;p=6786"},"modified":"2024-02-28T14:10:43","modified_gmt":"2024-02-28T17:10:43","slug":"guantes-quirurgicos-latex-esteriles","status":"publish","type":"product","link":"https:\/\/ortysum.cl\/?product=guantes-quirurgicos-latex-esteriles","title":{"rendered":"GUANTES QUIR\u00daRGICOS L\u00c1TEX EST\u00c9RILES"},"content":{"rendered":"","protected":false},"excerpt":{"rendered":"<p>Desechables para heridas y operaciones<\/p>\n","protected":false},"featured_media":6783,"template":"","meta":[],"product_brand":[],"product_cat":[26,35],"product_tag":[],"class_list":{"0":"post-6786","1":"product","2":"type-product","3":"status-publish","4":"has-post-thumbnail","6":"product_cat-insumos-medicos","7":"product_cat-proteccion-y-autocuidado","9":"first","10":"instock","11":"shipping-taxable","12":"product-type-simple"},"_links":{"self":[{"href":"https:\/\/ortysum.cl\/index.php?rest_route=\/wp\/v2\/product\/6786","targetHints":{"allow":["GET"]}}],"collection":[{"href":"https:\/\/ortysum.cl\/index.php?rest_route=\/wp\/v2\/product"}],"about":[{"href":"https:\/\/ortysum.cl\/index.php?rest_route=\/wp\/v2\/types\/product"}],"wp:featuredmedia":[{"embeddable":true,"href":"https:\/\/ortysum.cl\/index.php?rest_route=\/wp\/v2\/media\/6783"}],"wp:attachment":[{"href":"https:\/\/ortysum.cl\/index.php?rest_route=%2Fwp%2Fv2%2Fmedia&parent=6786"}],"wp:term":[{"taxonomy":"product_brand","embeddable":true,"href":"https:\/\/ortysum.cl\/index.php?rest_route=%2Fwp%2Fv2%2Fproduct_brand&post=6786"},{"taxonomy":"product_cat","embeddable":true,"href":"https:\/\/ortysum.cl\/index.php?rest_route=%2Fwp%2Fv2%2Fproduct_cat&post=6786"},{"taxonomy":"product_tag","embeddable":true,"href":"https:\/\/ortysum.cl\/index.php?rest_route=%2Fwp%2Fv2%2Fproduct_tag&post=6786"}],"curies":[{"name":"wp","href":"https:\/\/api.w.org\/{rel}","templated":true}]}}