{"id":6788,"date":"2024-02-28T14:12:08","date_gmt":"2024-02-28T17:12:08","guid":{"rendered":"https:\/\/ortysum.cl\/web\/?post_type=product&#038;p=6788"},"modified":"2024-02-28T14:12:08","modified_gmt":"2024-02-28T17:12:08","slug":"gorros-desechables","status":"publish","type":"product","link":"https:\/\/ortysum.cl\/?product=gorros-desechables","title":{"rendered":"GORROS DESECHABLES"},"content":{"rendered":"","protected":false},"excerpt":{"rendered":"<p>Elemento de protecci\u00f3n dise\u00f1ado para proteger el cabello de salpicaduras o polvo y para mantener la higiene en zonas de salud, est\u00e9tica e industrial<\/p>\n","protected":false},"featured_media":6784,"template":"","meta":[],"product_brand":[],"product_cat":[26,35],"product_tag":[],"class_list":{"0":"post-6788","1":"product","2":"type-product","3":"status-publish","4":"has-post-thumbnail","6":"product_cat-insumos-medicos","7":"product_cat-proteccion-y-autocuidado","9":"first","10":"instock","11":"shipping-taxable","12":"product-type-simple"},"_links":{"self":[{"href":"https:\/\/ortysum.cl\/index.php?rest_route=\/wp\/v2\/product\/6788","targetHints":{"allow":["GET"]}}],"collection":[{"href":"https:\/\/ortysum.cl\/index.php?rest_route=\/wp\/v2\/product"}],"about":[{"href":"https:\/\/ortysum.cl\/index.php?rest_route=\/wp\/v2\/types\/product"}],"wp:featuredmedia":[{"embeddable":true,"href":"https:\/\/ortysum.cl\/index.php?rest_route=\/wp\/v2\/media\/6784"}],"wp:attachment":[{"href":"https:\/\/ortysum.cl\/index.php?rest_route=%2Fwp%2Fv2%2Fmedia&parent=6788"}],"wp:term":[{"taxonomy":"product_brand","embeddable":true,"href":"https:\/\/ortysum.cl\/index.php?rest_route=%2Fwp%2Fv2%2Fproduct_brand&post=6788"},{"taxonomy":"product_cat","embeddable":true,"href":"https:\/\/ortysum.cl\/index.php?rest_route=%2Fwp%2Fv2%2Fproduct_cat&post=6788"},{"taxonomy":"product_tag","embeddable":true,"href":"https:\/\/ortysum.cl\/index.php?rest_route=%2Fwp%2Fv2%2Fproduct_tag&post=6788"}],"curies":[{"name":"wp","href":"https:\/\/api.w.org\/{rel}","templated":true}]}}