{"id":6790,"date":"2024-02-28T14:14:00","date_gmt":"2024-02-28T17:14:00","guid":{"rendered":"https:\/\/ortysum.cl\/web\/?post_type=product&#038;p=6790"},"modified":"2024-02-28T14:14:00","modified_gmt":"2024-02-28T17:14:00","slug":"bajalenguas-de-madera","status":"publish","type":"product","link":"https:\/\/ortysum.cl\/?product=bajalenguas-de-madera","title":{"rendered":"BAJALENGUAS DE MADERA"},"content":{"rendered":"","protected":false},"excerpt":{"rendered":"<p>Dispositivo m\u00e9dico desechable empleado para deprimir la lengua y permitir el examen de la v\u00eda a\u00e9rea alta y digestiva. Por su car\u00e1cter est\u00e9ril se puede ocupar en el campo quir\u00fargico.<\/p>\n","protected":false},"featured_media":6791,"template":"","meta":[],"product_brand":[],"product_cat":[36,26],"product_tag":[],"class_list":{"0":"post-6790","1":"product","2":"type-product","3":"status-publish","4":"has-post-thumbnail","6":"product_cat-cuidado-general","7":"product_cat-insumos-medicos","9":"first","10":"instock","11":"shipping-taxable","12":"product-type-simple"},"_links":{"self":[{"href":"https:\/\/ortysum.cl\/index.php?rest_route=\/wp\/v2\/product\/6790","targetHints":{"allow":["GET"]}}],"collection":[{"href":"https:\/\/ortysum.cl\/index.php?rest_route=\/wp\/v2\/product"}],"about":[{"href":"https:\/\/ortysum.cl\/index.php?rest_route=\/wp\/v2\/types\/product"}],"wp:featuredmedia":[{"embeddable":true,"href":"https:\/\/ortysum.cl\/index.php?rest_route=\/wp\/v2\/media\/6791"}],"wp:attachment":[{"href":"https:\/\/ortysum.cl\/index.php?rest_route=%2Fwp%2Fv2%2Fmedia&parent=6790"}],"wp:term":[{"taxonomy":"product_brand","embeddable":true,"href":"https:\/\/ortysum.cl\/index.php?rest_route=%2Fwp%2Fv2%2Fproduct_brand&post=6790"},{"taxonomy":"product_cat","embeddable":true,"href":"https:\/\/ortysum.cl\/index.php?rest_route=%2Fwp%2Fv2%2Fproduct_cat&post=6790"},{"taxonomy":"product_tag","embeddable":true,"href":"https:\/\/ortysum.cl\/index.php?rest_route=%2Fwp%2Fv2%2Fproduct_tag&post=6790"}],"curies":[{"name":"wp","href":"https:\/\/api.w.org\/{rel}","templated":true}]}}