{"id":6796,"date":"2024-02-28T14:16:31","date_gmt":"2024-02-28T17:16:31","guid":{"rendered":"https:\/\/ortysum.cl\/web\/?post_type=product&#038;p=6796"},"modified":"2024-02-28T14:16:31","modified_gmt":"2024-02-28T17:16:31","slug":"gasa-no-tejidas-esteriles","status":"publish","type":"product","link":"https:\/\/ortysum.cl\/?product=gasa-no-tejidas-esteriles","title":{"rendered":"GASA NO TEJIDAS EST\u00c9RILES"},"content":{"rendered":"","protected":false},"excerpt":{"rendered":"<p>Es un Insumo desechable, la gasa no tejida es una malla compuesta por hilos con un gramaje de 40 gramos\/mt 2. Su caracter\u00edstica de no tejida le confiere la capacidad de no adherirse al tejido humano. Est\u00e1 indicada en la limpieza y desinfecci\u00f3n de heridas cr\u00f3nicas o quir\u00fargicas.<\/p>\n","protected":false},"featured_media":6794,"template":"","meta":[],"product_brand":[],"product_cat":[37,26],"product_tag":[],"class_list":{"0":"post-6796","1":"product","2":"type-product","3":"status-publish","4":"has-post-thumbnail","6":"product_cat-cuidado-heridas","7":"product_cat-insumos-medicos","9":"first","10":"instock","11":"shipping-taxable","12":"product-type-simple"},"_links":{"self":[{"href":"https:\/\/ortysum.cl\/index.php?rest_route=\/wp\/v2\/product\/6796","targetHints":{"allow":["GET"]}}],"collection":[{"href":"https:\/\/ortysum.cl\/index.php?rest_route=\/wp\/v2\/product"}],"about":[{"href":"https:\/\/ortysum.cl\/index.php?rest_route=\/wp\/v2\/types\/product"}],"wp:featuredmedia":[{"embeddable":true,"href":"https:\/\/ortysum.cl\/index.php?rest_route=\/wp\/v2\/media\/6794"}],"wp:attachment":[{"href":"https:\/\/ortysum.cl\/index.php?rest_route=%2Fwp%2Fv2%2Fmedia&parent=6796"}],"wp:term":[{"taxonomy":"product_brand","embeddable":true,"href":"https:\/\/ortysum.cl\/index.php?rest_route=%2Fwp%2Fv2%2Fproduct_brand&post=6796"},{"taxonomy":"product_cat","embeddable":true,"href":"https:\/\/ortysum.cl\/index.php?rest_route=%2Fwp%2Fv2%2Fproduct_cat&post=6796"},{"taxonomy":"product_tag","embeddable":true,"href":"https:\/\/ortysum.cl\/index.php?rest_route=%2Fwp%2Fv2%2Fproduct_tag&post=6796"}],"curies":[{"name":"wp","href":"https:\/\/api.w.org\/{rel}","templated":true}]}}