{"id":6797,"date":"2024-02-28T14:17:07","date_gmt":"2024-02-28T17:17:07","guid":{"rendered":"https:\/\/ortysum.cl\/web\/?post_type=product&#038;p=6797"},"modified":"2024-02-28T14:17:07","modified_gmt":"2024-02-28T17:17:07","slug":"aguja-hipodermica-nipro-100-unidades","status":"publish","type":"product","link":"https:\/\/ortysum.cl\/?product=aguja-hipodermica-nipro-100-unidades","title":{"rendered":"AGUJA HIPOD\u00c9RMICA NIPRO 100 UNIDADES"},"content":{"rendered":"","protected":false},"excerpt":{"rendered":"<p>Aguja hipod\u00e9rmica nipro 100 unidades 25 x 12, 1,2 mm x 25mm) c\u00f3digo ah-1825.<br \/>\nSuave corte y penetraci\u00f3n, en acero inoxidable grado m\u00e9dico, recubierta en toda su trayectoria con silicona, paredes ultra finas, punta tribiselada y afilada, capuchon protector<\/p>\n","protected":false},"featured_media":6795,"template":"","meta":[],"product_brand":[],"product_cat":[37,26],"product_tag":[],"class_list":{"0":"post-6797","1":"product","2":"type-product","3":"status-publish","4":"has-post-thumbnail","6":"product_cat-cuidado-heridas","7":"product_cat-insumos-medicos","9":"first","10":"instock","11":"shipping-taxable","12":"product-type-simple"},"_links":{"self":[{"href":"https:\/\/ortysum.cl\/index.php?rest_route=\/wp\/v2\/product\/6797","targetHints":{"allow":["GET"]}}],"collection":[{"href":"https:\/\/ortysum.cl\/index.php?rest_route=\/wp\/v2\/product"}],"about":[{"href":"https:\/\/ortysum.cl\/index.php?rest_route=\/wp\/v2\/types\/product"}],"wp:featuredmedia":[{"embeddable":true,"href":"https:\/\/ortysum.cl\/index.php?rest_route=\/wp\/v2\/media\/6795"}],"wp:attachment":[{"href":"https:\/\/ortysum.cl\/index.php?rest_route=%2Fwp%2Fv2%2Fmedia&parent=6797"}],"wp:term":[{"taxonomy":"product_brand","embeddable":true,"href":"https:\/\/ortysum.cl\/index.php?rest_route=%2Fwp%2Fv2%2Fproduct_brand&post=6797"},{"taxonomy":"product_cat","embeddable":true,"href":"https:\/\/ortysum.cl\/index.php?rest_route=%2Fwp%2Fv2%2Fproduct_cat&post=6797"},{"taxonomy":"product_tag","embeddable":true,"href":"https:\/\/ortysum.cl\/index.php?rest_route=%2Fwp%2Fv2%2Fproduct_tag&post=6797"}],"curies":[{"name":"wp","href":"https:\/\/api.w.org\/{rel}","templated":true}]}}